{"id":205994,"date":"2020-09-21T12:27:36","date_gmt":"2020-09-21T09:27:36","guid":{"rendered":"https:\/\/www.hesearts.fi\/oma\/?page_id=205994"},"modified":"2020-09-21T12:29:06","modified_gmt":"2020-09-21T09:29:06","slug":"evastekaytanto","status":"publish","type":"page","link":"https:\/\/www.hesearts.fi\/oma\/evastekaytanto\/","title":{"rendered":"Ev\u00e4stek\u00e4yt\u00e4nt\u00f6"},"content":{"rendered":"<p>[et_pb_section fb_built=&#8221;1&#8243; _builder_version=&#8221;4.6.3&#8243; _module_preset=&#8221;default&#8221;][et_pb_row _builder_version=&#8221;4.6.3&#8243; _module_preset=&#8221;default&#8221;][et_pb_column _builder_version=&#8221;4.6.3&#8243; _module_preset=&#8221;default&#8221; type=&#8221;4_4&#8243;][et_pb_text _builder_version=&#8221;4.6.3&#8243; _module_preset=&#8221;default&#8221; hover_enabled=&#8221;0&#8243; sticky_enabled=&#8221;0&#8243; header_text_color=&#8221;#000000&#8243;]<\/p>\n<h1>Ev\u00e4stek\u00e4yt\u00e4nt\u00f6<\/h1>\n<p>Ev\u00e4steet ovat pieni\u00e4 tekstitiedostoja, joita sivustot voivat k\u00e4ytt\u00e4\u00e4 tehd\u00e4kseen k\u00e4ytt\u00e4j\u00e4kokemuksesta tehokkaamman.<\/p>\n<p>Lain mukaan voimme tallentaa ev\u00e4steit\u00e4 laitteellesi, mik\u00e4li se on ehdottoman t\u00e4rke\u00e4\u00e4 sivuston toiminnan kannalta. Tarvitsemme suostumuksesi muunlaisten ev\u00e4steiden k\u00e4yt\u00f6lle.<\/p>\n<p>T\u00e4m\u00e4 sivusto k\u00e4ytt\u00e4\u00e4 tilastollisia ev\u00e4steit\u00e4:<\/p>\n<p>[\/et_pb_text][et_pb_text _builder_version=&#8221;4.6.3&#8243; _module_preset=&#8221;default&#8221; hover_enabled=&#8221;0&#8243; sticky_enabled=&#8221;0&#8243;]<\/p>\n<table class=\"table table-striped table-bordered mb-5\" id=\"CookieTable\">\n<thead>\n<tr>\n<th scope=\"col\">Cookie<\/th>\n<th scope=\"col\">Description<\/th>\n<th scope=\"col\">Duration<\/th>\n<th scope=\"col\">Type<\/th>\n<\/tr>\n<\/thead>\n<tbody>\n<tr>\n<td>_ga<\/td>\n<td>This cookie is installed by Google Analytics. The cookie is used to calculate visitor, session, campaign data and keep track of site usage for the site&#8217;s analytics report. The cookies store information anonymously and assign a randomly generated number to identify unique visitors.<\/td>\n<td>2 years<\/td>\n<td>Analytics<\/td>\n<\/tr>\n<tr>\n<td>_gid<\/td>\n<td>This cookie is installed by Google Analytics. The cookie is used to store information of how visitors use a website and helps in creating an analytics report of how the wbsite is doing. The data collected including the number visitors, the source where they have come from, and the pages viisted in an anonymous form.<\/td>\n<td>1 day<\/td>\n<td>Analytics<\/td>\n<\/tr>\n<tr>\n<td>_gat_gtag<\/td>\n<td>Google uses this cookie to distinguish users.<\/td>\n<td>1 minute<\/td>\n<td>Analytics<\/td>\n<\/tr>\n<\/tbody>\n<\/table>\n<p>[\/et_pb_text][\/et_pb_column][\/et_pb_row][\/et_pb_section]<\/p>\n","protected":false},"excerpt":{"rendered":"<p>Ev\u00e4stek\u00e4yt\u00e4nt\u00f6 Ev\u00e4steet ovat pieni\u00e4 tekstitiedostoja, joita sivustot voivat k\u00e4ytt\u00e4\u00e4 tehd\u00e4kseen k\u00e4ytt\u00e4j\u00e4kokemuksesta tehokkaamman. Lain mukaan voimme tallentaa ev\u00e4steit\u00e4 laitteellesi, mik\u00e4li se on ehdottoman t\u00e4rke\u00e4\u00e4 sivuston toiminnan kannalta. Tarvitsemme suostumuksesi muunlaisten ev\u00e4steiden k\u00e4yt\u00f6lle. T\u00e4m\u00e4 sivusto k\u00e4ytt\u00e4\u00e4 tilastollisia ev\u00e4steit\u00e4: Cookie Description Duration Type _ga This cookie is installed by Google Analytics. The cookie is used to calculate visitor, [&hellip;]<\/p>\n","protected":false},"author":1,"featured_media":0,"parent":0,"menu_order":0,"comment_status":"closed","ping_status":"open","template":"","meta":{"_et_pb_use_builder":"on","_et_pb_old_content":"","_et_gb_content_width":"","footnotes":""},"class_list":["post-205994","page","type-page","status-publish","hentry"],"_links":{"self":[{"href":"https:\/\/www.hesearts.fi\/oma\/wp-json\/wp\/v2\/pages\/205994","targetHints":{"allow":["GET"]}}],"collection":[{"href":"https:\/\/www.hesearts.fi\/oma\/wp-json\/wp\/v2\/pages"}],"about":[{"href":"https:\/\/www.hesearts.fi\/oma\/wp-json\/wp\/v2\/types\/page"}],"author":[{"embeddable":true,"href":"https:\/\/www.hesearts.fi\/oma\/wp-json\/wp\/v2\/users\/1"}],"replies":[{"embeddable":true,"href":"https:\/\/www.hesearts.fi\/oma\/wp-json\/wp\/v2\/comments?post=205994"}],"version-history":[{"count":2,"href":"https:\/\/www.hesearts.fi\/oma\/wp-json\/wp\/v2\/pages\/205994\/revisions"}],"predecessor-version":[{"id":205997,"href":"https:\/\/www.hesearts.fi\/oma\/wp-json\/wp\/v2\/pages\/205994\/revisions\/205997"}],"wp:attachment":[{"href":"https:\/\/www.hesearts.fi\/oma\/wp-json\/wp\/v2\/media?parent=205994"}],"curies":[{"name":"wp","href":"https:\/\/api.w.org\/{rel}","templated":true}]}}